{"id":29,"date":"2023-07-31T07:49:34","date_gmt":"2023-07-31T07:49:34","guid":{"rendered":"https:\/\/samanthanet.de\/?page_id=29"},"modified":"2024-04-19T08:22:58","modified_gmt":"2024-04-19T08:22:58","slug":"start","status":"publish","type":"page","link":"https:\/\/samanthanet.de\/","title":{"rendered":"Start"},"content":{"rendered":"<p>[et_pb_section fb_built=&#8220;1&#8243; _builder_version=&#8220;4.21.0&#8243; _module_preset=&#8220;default&#8220; global_colors_info=&#8220;{}&#8220;][et_pb_row _builder_version=&#8220;4.21.0&#8243; _module_preset=&#8220;default&#8220; global_colors_info=&#8220;{}&#8220;][et_pb_column type=&#8220;4_4&#8243; _builder_version=&#8220;4.21.0&#8243; _module_preset=&#8220;default&#8220; global_colors_info=&#8220;{}&#8220;][et_pb_image src=&#8220;https:\/\/samanthanet.de\/wp-content\/uploads\/2023\/07\/Bild_Netzwerk.jpg&#8220; title_text=&#8220;Business partnership or teamwork&#8220; _builder_version=&#8220;4.21.0&#8243; _module_preset=&#8220;default&#8220; global_colors_info=&#8220;{}&#8220;][\/et_pb_image][\/et_pb_column][\/et_pb_row][et_pb_row _builder_version=&#8220;4.21.0&#8243; _module_preset=&#8220;default&#8220; global_colors_info=&#8220;{}&#8220;][et_pb_column type=&#8220;4_4&#8243; _builder_version=&#8220;4.21.0&#8243; _module_preset=&#8220;default&#8220; global_colors_info=&#8220;{}&#8220;][et_pb_text _builder_version=&#8220;4.21.0&#8243; _module_preset=&#8220;default&#8220; global_colors_info=&#8220;{}&#8220;]<\/p>\n<h1 style=\"text-align: center;\"><strong>Lernen im 21. Jahrhundert<\/strong><\/h1>\n<p>[\/et_pb_text][\/et_pb_column][\/et_pb_row][\/et_pb_section][et_pb_section fb_built=&#8220;1&#8243; fullwidth=&#8220;on&#8220; _builder_version=&#8220;4.21.0&#8243; _module_preset=&#8220;default&#8220; global_colors_info=&#8220;{}&#8220;][\/et_pb_section][et_pb_section fb_built=&#8220;1&#8243; _builder_version=&#8220;4.21.0&#8243; _module_preset=&#8220;default&#8220; global_colors_info=&#8220;{}&#8220;][et_pb_row column_structure=&#8220;1_2,1_2&#8243; _builder_version=&#8220;4.21.0&#8243; _module_preset=&#8220;default&#8220; global_colors_info=&#8220;{}&#8220;][et_pb_column type=&#8220;1_2&#8243; _builder_version=&#8220;4.21.0&#8243; _module_preset=&#8220;default&#8220; global_colors_info=&#8220;{}&#8220;][et_pb_image src=&#8220;https:\/\/samanthanet.de\/wp-content\/uploads\/2023\/07\/AdobeStock_574643266-scaled.jpeg&#8220; title_text=&#8220;Chat Bot Chat with AI or Artificial Intelligence technology. Woman using a laptop computer chatting with an intelligent artificial intelligence asks for the answers he wants.&#8220; _builder_version=&#8220;4.21.0&#8243; _module_preset=&#8220;default&#8220; global_colors_info=&#8220;{}&#8220;][\/et_pb_image][\/et_pb_column][et_pb_column type=&#8220;1_2&#8243; _builder_version=&#8220;4.21.0&#8243; _module_preset=&#8220;default&#8220; global_colors_info=&#8220;{}&#8220;][et_pb_text _builder_version=&#8220;4.21.0&#8243; _module_preset=&#8220;default&#8220; hover_enabled=&#8220;0&#8243; global_colors_info=&#8220;{}&#8220; sticky_enabled=&#8220;0&#8243;]<\/p>\n<h2>Lernen mit K\u00fcnstlicher Intelligenz.<\/h2>\n<p>K\u00fcnstliche Intelligenz (KI) verspricht eine aufregende Neuerung im Bildungswesen. Sie erm\u00f6glicht ma\u00dfgeschneidertes Lernen, pr\u00e4zise Bewertungen und individuelle Unterst\u00fctzung f\u00fcr jeden Lernenden. Doch w\u00e4hrend KI den Unterricht revolutioniert, m\u00fcssen wir auch ethische Fragen beachten. Datenschutz, algorithmische Voreingenommenheit und der unersetzbare menschliche Aspekt des Lernens m\u00fcssen ber\u00fccksichtigt werden. In Bereichen wie der Beratung oder ethischen Erziehung sollten wir die Grenzen von KI respektieren. Es liegt an uns, KI als Partner zu nutzen, um Bildung zu verbessern, w\u00e4hrend wir gleichzeitig unsere Werte und Ziele bewahren.<\/p>\n<p>[\/et_pb_text][\/et_pb_column][\/et_pb_row][et_pb_row column_structure=&#8220;1_2,1_2&#8243; _builder_version=&#8220;4.21.0&#8243; _module_preset=&#8220;default&#8220; global_colors_info=&#8220;{}&#8220;][et_pb_column type=&#8220;1_2&#8243; _builder_version=&#8220;4.21.0&#8243; _module_preset=&#8220;default&#8220; global_colors_info=&#8220;{}&#8220;][et_pb_text _builder_version=&#8220;4.21.0&#8243; _module_preset=&#8220;default&#8220; global_colors_info=&#8220;{}&#8220;]<\/p>\n<h2>(Social) Entrepreneurship Education<\/h2>\n<p>(Social) Entrepreneurship Education (SEE) umfasst ein vielf\u00e4ltiges Bildungsprogramm mit verschiedenen M\u00f6glichkeiten bestimmte Schwerpunkte zu setzen &#8211; zum Beispiel in der Berufsorientierung an den Schulen oder in der Laufbahnberatung von erwachsenen Personen. Immer stehen das Handeln und Tun im Vordergrund. Ausgebildet werden Einf\u00fchlungsverm\u00f6gen und die F\u00e4higkeit zu guter Kommunikation, Teamgeist, Kreativit\u00e4t und kritisches Denken. Gest\u00e4rkt werden Selbstbewusstsein, Eigeninitiative und soziales Engagement.<\/p>\n<p>F\u00fcr verschiedene Lerngruppen gestalten wir unterschiedliche Programme. Nehmen Sie Kontakt mit uns auf.<\/p>\n<p>[\/et_pb_text][\/et_pb_column][et_pb_column type=&#8220;1_2&#8243; _builder_version=&#8220;4.21.0&#8243; _module_preset=&#8220;default&#8220; global_colors_info=&#8220;{}&#8220;][et_pb_image src=&#8220;https:\/\/samanthanet.de\/wp-content\/uploads\/2023\/07\/AdobeStock_224896137_Preview.jpeg&#8220; title_text=&#8220;AdobeStock_224896137_Preview&#8220; _builder_version=&#8220;4.21.0&#8243; _module_preset=&#8220;default&#8220; global_colors_info=&#8220;{}&#8220;][\/et_pb_image][\/et_pb_column][\/et_pb_row][et_pb_row column_structure=&#8220;1_2,1_2&#8243; _builder_version=&#8220;4.21.0&#8243; _module_preset=&#8220;default&#8220; global_colors_info=&#8220;{}&#8220;][et_pb_column type=&#8220;1_2&#8243; _builder_version=&#8220;4.21.0&#8243; _module_preset=&#8220;default&#8220; global_colors_info=&#8220;{}&#8220;][et_pb_image src=&#8220;https:\/\/samanthanet.de\/wp-content\/uploads\/2023\/07\/Bildschirmfoto-2022-11-03-um-03.17.12.png&#8220; title_text=&#8220;Bildschirmfoto 2022-11-03 um 03.17.12&#8243; _builder_version=&#8220;4.21.0&#8243; _module_preset=&#8220;default&#8220; global_colors_info=&#8220;{}&#8220;][\/et_pb_image][\/et_pb_column][et_pb_column type=&#8220;1_2&#8243; _builder_version=&#8220;4.21.0&#8243; _module_preset=&#8220;default&#8220; global_colors_info=&#8220;{}&#8220;][et_pb_text _builder_version=&#8220;4.21.0&#8243; _module_preset=&#8220;default&#8220; global_colors_info=&#8220;{}&#8220;]<\/p>\n<h2>Bildung f\u00fcr Nachhaltige Entwicklung (BNE)<\/h2>\n<p>Der Klimawandel ist nicht das einzige Problem, mit dem sich die Gesellschaften dieser Welt auseinandersetzen m\u00fcssen. Die Vereinten Nationen haben 17 Nachhaltigkeitsziele ausgemacht, die bis 2030 von den Mitgliedsstaaten erreicht werden m\u00fcssen. Mit diesen Global Sustainable Development Goals (SDGs) setzt sich Bildung f\u00fcr Nachhaltige Entwicklung (BNE) auseinander. BNE spielt in allen Bereichen eine wichtige Rolle, in der Schulbildung, der Ausbildung, der betrieblichen Weiterbildung, der Hochschulbildung und in den Bildungsvorhaben der St\u00e4dte und Kommunen.<\/p>\n<p>&nbsp;<\/p>\n<p>[\/et_pb_text][\/et_pb_column][\/et_pb_row][et_pb_row column_structure=&#8220;1_2,1_2&#8243; _builder_version=&#8220;4.21.0&#8243; _module_preset=&#8220;default&#8220; global_colors_info=&#8220;{}&#8220;][et_pb_column type=&#8220;1_2&#8243; _builder_version=&#8220;4.21.0&#8243; _module_preset=&#8220;default&#8220; global_colors_info=&#8220;{}&#8220;][et_pb_text _builder_version=&#8220;4.21.0&#8243; _module_preset=&#8220;default&#8220; global_colors_info=&#8220;{}&#8220;]<\/p>\n<h2>Berufsorientierung<\/h2>\n<p>Den geeigneten Beruf zu finden ist ein komplexer Prozess, der sich heute auch \u00fcber das ganze Leben hinziehen kann. Durch die rasante technische Entwicklung ver\u00e4ndern sich Berufe jetzt sehr schnell, manche Berufe fallen weg &#8211; wie in der Vergangenheit auch &#8211; und viele Berufe und Berufsm\u00f6glichkeiten entstehen neu.<\/p>\n<p>Bereitschaft zur Ver\u00e4nderung und eine gute Kenntniss der eigenen F\u00e4higkeiten und Entwicklungsm\u00f6glichkeiten helfen dabei, Karriere zu machen und einen gelingenden beruflichen Weg zu gehen.<\/p>\n<p>Als <a href=\"https:\/\/profilpass-bayern.de\/\">ProfilPASS-Dialogzentrum<\/a> haben wir eine langj\u00e4hrige Erfahrung in der Kompetenzfeststellung sowie in der Ausbildung von ProfilPASS-Berater:innen.<\/p>\n<p>Ehrenamtlich engagieren wir uns im Bereich Berufsorientierung mit <a href=\"https:\/\/jugend-online-event.de\/\">#JOE &#8211; Jugend Online Event<\/a>.<\/p>\n<p>[\/et_pb_text][\/et_pb_column][et_pb_column type=&#8220;1_2&#8243; _builder_version=&#8220;4.21.0&#8243; _module_preset=&#8220;default&#8220; global_colors_info=&#8220;{}&#8220;][et_pb_image src=&#8220;https:\/\/samanthanet.de\/wp-content\/uploads\/2023\/07\/periodic-system-3014142_1920.jpg&#8220; title_text=&#8220;periodic-system-3014142_1920&#8243; _builder_version=&#8220;4.21.0&#8243; _module_preset=&#8220;default&#8220; global_colors_info=&#8220;{}&#8220;][\/et_pb_image][\/et_pb_column][\/et_pb_row][\/et_pb_section]<\/p>\n","protected":false},"excerpt":{"rendered":"<p>Lernen im 21. JahrhundertLernen mit K\u00fcnstlicher Intelligenz. K\u00fcnstliche Intelligenz (KI) verspricht eine aufregende Neuerung im Bildungswesen. Sie erm\u00f6glicht ma\u00dfgeschneidertes Lernen, pr\u00e4zise Bewertungen und individuelle Unterst\u00fctzung f\u00fcr jeden Lernenden. Doch w\u00e4hrend KI den Unterricht revolutioniert, m\u00fcssen wir auch ethische Fragen beachten. Datenschutz, algorithmische Voreingenommenheit und der unersetzbare menschliche Aspekt des Lernens m\u00fcssen ber\u00fccksichtigt werden. In Bereichen [&hellip;]<\/p>\n","protected":false},"author":1,"featured_media":0,"parent":0,"menu_order":0,"comment_status":"closed","ping_status":"closed","template":"","meta":{"_et_pb_use_builder":"on","_et_pb_old_content":"","_et_gb_content_width":"","footnotes":""},"class_list":["post-29","page","type-page","status-publish","hentry"],"_links":{"self":[{"href":"https:\/\/samanthanet.de\/index.php?rest_route=\/wp\/v2\/pages\/29","targetHints":{"allow":["GET"]}}],"collection":[{"href":"https:\/\/samanthanet.de\/index.php?rest_route=\/wp\/v2\/pages"}],"about":[{"href":"https:\/\/samanthanet.de\/index.php?rest_route=\/wp\/v2\/types\/page"}],"author":[{"embeddable":true,"href":"https:\/\/samanthanet.de\/index.php?rest_route=\/wp\/v2\/users\/1"}],"replies":[{"embeddable":true,"href":"https:\/\/samanthanet.de\/index.php?rest_route=%2Fwp%2Fv2%2Fcomments&post=29"}],"version-history":[{"count":14,"href":"https:\/\/samanthanet.de\/index.php?rest_route=\/wp\/v2\/pages\/29\/revisions"}],"predecessor-version":[{"id":76,"href":"https:\/\/samanthanet.de\/index.php?rest_route=\/wp\/v2\/pages\/29\/revisions\/76"}],"wp:attachment":[{"href":"https:\/\/samanthanet.de\/index.php?rest_route=%2Fwp%2Fv2%2Fmedia&parent=29"}],"curies":[{"name":"wp","href":"https:\/\/api.w.org\/{rel}","templated":true}]}}